{"id":1412,"date":"2016-07-12T14:22:14","date_gmt":"2016-07-12T13:22:14","guid":{"rendered":"http:\/\/the7.io\/restaurant\/?page_id=33"},"modified":"2019-10-03T13:06:34","modified_gmt":"2019-10-03T13:06:34","slug":"about-us","status":"publish","type":"page","link":"https:\/\/www.eetcafeplexat.nl\/steaks\/about-us\/","title":{"rendered":"Over ons"},"content":{"rendered":"<div class=\"wpb-content-wrapper\"><p>[vc_row type=&#8221;vc_default&#8221; css=&#8221;.vc_custom_1474232685932{padding-top: 10px !important;padding-bottom: 20px !important;}&#8221;][vc_column width=&#8221;1\/2&#8243; css=&#8221;.vc_custom_1469281915280{padding-bottom: 60px !important;}&#8221;]<div id=\"ultimate-heading-896169d20b54e20d4\" class=\"uvc-heading ult-adjust-bottom-margin ultimate-heading-896169d20b54e20d4 uvc-8973 \" data-hspacer=\"no_spacer\"  data-halign=\"left\" style=\"text-align:left\"><div class=\"uvc-heading-spacer no_spacer\" style=\"top\"><\/div><div class=\"uvc-main-heading ult-responsive\"  data-ultimate-target='.uvc-heading.ultimate-heading-896169d20b54e20d4 h2'  data-responsive-json-new='{\"font-size\":\"desktop:40px;\",\"line-height\":\"desktop:45px;\"}' ><h2 style=\"font-family:&#039;Great Vibes&#039;;--font-weight:theme;color:#c5ab6b;\">Gerenommeerde<\/h2><\/div><div class=\"uvc-sub-heading ult-responsive\"  data-ultimate-target='.uvc-heading.ultimate-heading-896169d20b54e20d4 .uvc-sub-heading '  data-responsive-json-new='{\"font-size\":\"desktop:35px;\",\"line-height\":\"desktop:40px;\"}'  style=\"font-family:&#039;Poppins&#039;;font-weight:normal;color:#303030;margin-bottom:20px;\">ARCHITECT<\/div><\/div>[vc_column_text]<\/p>\n<p style=\"text-align: left;\">Toen de verbouwing na een lange aanloop van de gebruikelijke procedures en aanpassingen eindelijk kon beginnen, hebben Maurits en Saskia samen met de gerenommeerde architect Peter Roozeboom van Heineken en Paul kroeze een ontwerp gemaakt voor het restaurant dat helemaal past bij het oude boerderijkarakter van het pand. \u2018Het bourgondische is intact gebleven en tegelijk hebben wij ook moderne industri\u00eble elementen in aangebracht met kleuren die wij mooi vinden.\u2019 Zo zijn de gebinten mooi zichtbaar gebleven als verwijzing naar het oude. Tegelijk doen de vooruit geschoven open keuken, het vele daglicht en de zware stalen toegangsdeuren heel modern en warm aan. Kortom, restaurant \u2018Steaks &amp; Bites\u2019 is door de uitstraling en de wijze waarop het eten wordt bereid met geen enkel restaurant in de regio te vergelijken.<\/p>\n<p>[\/vc_column_text][\/vc_column][vc_column width=&#8221;1\/2&#8243; css=&#8221;.vc_custom_1469281920193{padding-bottom: 60px !important;}&#8221;]<div id=\"ultimate-heading-963669d20b54e2185\" class=\"uvc-heading ult-adjust-bottom-margin ultimate-heading-963669d20b54e2185 uvc-9497 \" data-hspacer=\"no_spacer\"  data-halign=\"left\" style=\"text-align:left\"><div class=\"uvc-heading-spacer no_spacer\" style=\"top\"><\/div><div class=\"uvc-main-heading ult-responsive\"  data-ultimate-target='.uvc-heading.ultimate-heading-963669d20b54e2185 h2'  data-responsive-json-new='{\"font-size\":\"desktop:40px;\",\"line-height\":\"desktop:45px;\"}' ><h2 style=\"font-family:&#039;Great Vibes&#039;;--font-weight:theme;color:#c5ab6b;\">Uitzicht over <\/h2><\/div><div class=\"uvc-sub-heading ult-responsive\"  data-ultimate-target='.uvc-heading.ultimate-heading-963669d20b54e2185 .uvc-sub-heading '  data-responsive-json-new='{\"font-size\":\"desktop:35px;\",\"line-height\":\"desktop:40px;\"}'  style=\"font-family:&#039;Poppins&#039;;font-weight:normal;color:#303030;margin-bottom:20px;\">DE MOOIE BRINK<\/div><\/div>[vc_column_text]<\/p>\n<p style=\"text-align: left;\">Door de aanwinst van Steaks &amp; Bites op de bovenverdieping krijgt het eetcaf\u00e9 Plexat beneden nog meer de ruimte om zich te manifesteren als een laagdrempelig eetcaf\u00e9 met de sfeer van een dorpscaf\u00e9 dat altijd voor iedereen open is. De ruimte van Steaks &amp; Bites kan ook voor andere gelegenheden, zoals vergaderingen, seminars, bedrijfsbijeenkomsten, feestjes gereserveerd worden. Van donderdag tot en met zondag is Steaks &amp; Bites geopend. Naast een ruime trap is er ook een lift aanwezig, zodat ook minder validen op de mooie dagen kunnen genieten van wereldse culinaire verrassingen met uitzicht over de mooie brink met oude bomen aan de overzijde. \u2018We zijn er echt ongelofelijk trots op en blij mee. Het was alle moeite meer dan waard!\u2019<\/p>\n<p>[\/vc_column_text][\/vc_column][\/vc_row][vc_row type=&#8221;vc_default&#8221; bg_type=&#8221;bg_color&#8221; bg_override=&#8221;ex-full&#8221; css=&#8221;.vc_custom_1469196819021{padding-top: 90px !important;padding-bottom: 40px !important;}&#8221; bg_color_value=&#8221;#f4f4f4&#8243;][vc_column width=&#8221;1\/2&#8243; offset=&#8221;vc_hidden-xs&#8221; css=&#8221;.vc_custom_1469185078009{padding-bottom: 30px !important;}&#8221;][vc_row_inner equal_height=&#8221;yes&#8221; css=&#8221;.vc_custom_1469281473155{padding-bottom: 20px !important;}&#8221;][vc_column_inner width=&#8221;1\/2&#8243; offset=&#8221;vc_col-lg-6 vc_col-md-6 vc_col-xs-6 vc_hidden-xs&#8221; css=&#8221;.vc_custom_1469184895697{padding-right: 15px !important;}&#8221;][vc_single_image image=&#8221;1590&#8243; img_size=&#8221;800 \u00d7 540&#8243; alignment=&#8221;center&#8221; image_hovers=&#8221;false&#8221; lazy_loading=&#8221;true&#8221; css=&#8221;.vc_custom_1513632602361{padding-bottom: 30px !important;}&#8221;][vc_single_image image=&#8221;1587&#8243; img_size=&#8221;800 \u00d7 540&#8243; alignment=&#8221;center&#8221; image_hovers=&#8221;false&#8221; lazy_loading=&#8221;true&#8221;][\/vc_column_inner][vc_column_inner width=&#8221;1\/2&#8243; offset=&#8221;vc_col-lg-offset-0 vc_col-lg-6 vc_col-md-offset-0 vc_col-md-6 vc_col-sm-offset-0 vc_col-xs-6 vc_hidden-xs&#8221; css=&#8221;.vc_custom_1513689721976{margin-right: 30px !important;margin-left: 15px !important;padding-top: 20px !important;padding-bottom: 20px !important;background-image: url(http:\/\/www.eetcafeplexat.nl\/steaks\/wp-content\/uploads\/2017\/12\/steaks12.jpg?id=1620) !important;background-position: center !important;background-repeat: no-repeat !important;background-size: cover !important;}&#8221;][\/vc_column_inner][\/vc_row_inner][vc_single_image image=&#8221;1824&#8243; img_size=&#8221;600&#215;350&#8243; css=&#8221;.vc_custom_1534076905575{margin-top: 10px !important;}&#8221;][\/vc_column][vc_column width=&#8221;1\/2&#8243; css=&#8221;.vc_custom_1469185140913{padding-bottom: 20px !important;}&#8221;]<div id=\"ultimate-heading-607669d20b54e2209\" class=\"uvc-heading ult-adjust-bottom-margin ultimate-heading-607669d20b54e2209 uvc-9107 \" data-hspacer=\"no_spacer\"  data-halign=\"left\" style=\"text-align:left\"><div class=\"uvc-heading-spacer no_spacer\" style=\"top\"><\/div><div class=\"uvc-main-heading ult-responsive\"  data-ultimate-target='.uvc-heading.ultimate-heading-607669d20b54e2209 h2'  data-responsive-json-new='{\"font-size\":\"desktop:40px;\",\"line-height\":\"desktop:45px;\"}' ><h2 style=\"font-family:&#039;Great Vibes&#039;;--font-weight:theme;color:#c5ab6b;\">Ontdek<\/h2><\/div><div class=\"uvc-sub-heading ult-responsive\"  data-ultimate-target='.uvc-heading.ultimate-heading-607669d20b54e2209 .uvc-sub-heading '  data-responsive-json-new='{\"font-size\":\"desktop:35px;\",\"line-height\":\"desktop:40px;\"}'  style=\"font-family:&#039;Poppins&#039;;font-weight:normal;color:#303030;margin-bottom:20px;\">ONZE MISSIE<\/div><\/div>[vc_column_text]<strong>Steaks &amp; Bites op landelijke bovenverdieping PleXat laat gasten binnen en op balkonterras genieten van het echte eerlijke eten<\/strong><\/p>\n<p>DE LUTTE &#8211; Het is nog heel even wachten op het eerste warme voorjaarszonnetje, maar inmiddels zijn Maurits en Saskia Huisken helemaal klaar om, samen met het team, de gasten te verrassen met een compleet nieuwe terras-ervaring in het hartje van De Lutte. Het heeft het nodige aan inspanningen en geduld gekost om op de eerste etage <strong>(incl. invalidenlift en wc)\u00a0<\/strong>van het vertrouwde eetcaf\u00e9 PleXat een complete verdieping te realiseren met plaats voor een heel nieuw en avontuurlijk horecaconcept. Het is een idee dat in 2006 ging leven en nu dus werkelijkheid is geworden. \u2018Steaks &amp; Bites\u2019 is de naam van wat Maurits omschrijft als een uitvergrote vorm een tapasrestaurant. Het grote verschil is dat de gasten telkens opnieuw kleine gerechten krijgen geserveerd met wereldse ingredi\u00ebnten. Terwijl de gasten zorgeloos in het restaurantdeel of op het balkonterras genieten van het eten, staat het keukenteam telkens weer voor de uitdaging om alles op een natuurlijke wijze te bereiden.<\/p>\n<p>Maurits toont met trots de nieuwe Josper-grill, die uitsluitend met kolen wordt verhit. \u2018Het is echt grandioos gaaf om hiermee te werken\u2019, vertelt chefkok Ruben Grooten. Onlangs nog volgde hij samen met Maurits een workshop in Brabant om de fijne kneepjes van het werken met deze grill-oven onder de knie te krijgen. \u2018Als je bedenkt dat deze oven temperaturen bereikt boven de 600 graden Celsius dan weet iedere kok dat het opletten is en hard werken. Echt een uitdaging om onze vele vleesspecialiteiten perfect op tafel te krijgen\u2019, legt Maurits uit om aan te geven dat het keukenteam serieus werk maakt van de meest natuurlijke wijze van koken. \u2018Binnenkort krijgen we als keukenteam hier ook nog een masterclass, want dat is wel nodig om echt alle mogelijkheden van deze oven goed te leren kennen. De eerste reacties die we krijgen zijn lyrisch.\u2019[\/vc_column_text][\/vc_column][\/vc_row][vc_row type=&#8221;vc_default&#8221; full_width=&#8221;stretch_row&#8221; css=&#8221;.vc_custom_1474232698813{margin-bottom: -60px !important;padding-top: 80px !important;padding-bottom: 60px !important;background-color: #131313 !important;}&#8221;][vc_column css=&#8221;.vc_custom_1460570299912{padding-bottom: 40px !important;}&#8221;][vc_single_image image=&#8221;1454&#8243; img_size=&#8221;200&#215;200&#8243; alignment=&#8221;center&#8221; css=&#8221;.vc_custom_1513668096596{padding-bottom: 10px !important;}&#8221;][\/vc_column][vc_column offset=&#8221;vc_col-lg-offset-1 vc_col-lg-10 vc_col-md-offset-1 vc_col-md-10 vc_col-sm-offset-0&#8243; css=&#8221;.vc_custom_1461332951646{padding-top: 10px !important;padding-bottom: 25px !important;}&#8221;][vc_row_inner][vc_column_inner width=&#8221;1\/3&#8243; css=&#8221;.vc_custom_1461332837092{padding-bottom: 40px !important;}&#8221;]<div id=\"ultimate-heading-187469d20b54e2257\" class=\"uvc-heading ult-adjust-bottom-margin ultimate-heading-187469d20b54e2257 uvc-6464 \" data-hspacer=\"no_spacer\"  data-halign=\"center\" style=\"text-align:center\"><div class=\"uvc-heading-spacer no_spacer\" style=\"top\"><\/div><div class=\"uvc-sub-heading ult-responsive\"  data-ultimate-target='.uvc-heading.ultimate-heading-187469d20b54e2257 .uvc-sub-heading '  data-responsive-json-new='{\"font-size\":\"desktop:15px;\",\"line-height\":\"desktop:22px;\"}'  style=\"font-family:&#039;Poppins&#039;;font-weight:normal;font-style:normal;color:#a0a0a0;\"><\/p>\n<p style=\"text-align: center;\">Dorpstraat 3 | 7587 AA De Lutte<\/p>\n<p><\/div><\/div>[\/vc_column_inner][vc_column_inner width=&#8221;1\/3&#8243; css=&#8221;.vc_custom_1461332842664{padding-bottom: 40px !important;}&#8221;]<div id=\"ultimate-heading-584269d20b54e2299\" class=\"uvc-heading ult-adjust-bottom-margin ultimate-heading-584269d20b54e2299 uvc-2637 \" data-hspacer=\"no_spacer\"  data-halign=\"center\" style=\"text-align:center\"><div class=\"uvc-heading-spacer no_spacer\" style=\"top\"><\/div><div class=\"uvc-sub-heading ult-responsive\"  data-ultimate-target='.uvc-heading.ultimate-heading-584269d20b54e2299 .uvc-sub-heading '  data-responsive-json-new='{\"font-size\":\"desktop:15px;\",\"line-height\":\"desktop:22px;\"}'  style=\"font-family:&#039;Poppins&#039;;font-weight:normal;font-style:normal;color:#a0a0a0;\"><\/p>\n<div class=\"aio-icon-header\" style=\"text-align: left;\">\n<div class=\"aio-icon-header\" style=\"text-align: center;\">\n<div class=\"aio-icon-header\" style=\"text-align: center;\">\n<h3 class=\"aio-icon-title ult-responsive\" data-ultimate-target=\"#Info-box-wrap-3919 .aio-icon-title\" data-responsive-json-new=\"{&quot;font-size&quot;:&quot;desktop:16px;&quot;,&quot;line-height&quot;:&quot;desktop:26px;&quot;}\">Openingstijden<\/h3>\n<\/div>\n<div class=\"aio-icon-description ult-responsive\" style=\"text-align: center;\" data-ultimate-target=\"#Info-box-wrap-3919 .aio-icon-description\" data-responsive-json-new=\"{&quot;font-size&quot;:&quot;&quot;,&quot;line-height&quot;:&quot;&quot;}\"><strong>Ma &#8211; Di &#8211; Wo &#8211; Do<\/strong>\u00a0gesloten.<br \/>\n<strong>Vr &#8211; Za &#8211; Zo<\/strong>\u00a0vanaf 16.00 uur geopend.<\/div>\n<\/div>\n<\/div>\n<p><\/div><\/div>[\/vc_column_inner][vc_column_inner width=&#8221;1\/3&#8243; css=&#8221;.vc_custom_1461332847822{padding-bottom: 40px !important;}&#8221;]<div id=\"ultimate-heading-143069d20b54e22d6\" class=\"uvc-heading ult-adjust-bottom-margin ultimate-heading-143069d20b54e22d6 uvc-616 \" data-hspacer=\"no_spacer\"  data-halign=\"center\" style=\"text-align:center\"><div class=\"uvc-heading-spacer no_spacer\" style=\"top\"><\/div><div class=\"uvc-sub-heading ult-responsive\"  data-ultimate-target='.uvc-heading.ultimate-heading-143069d20b54e22d6 .uvc-sub-heading '  data-responsive-json-new='{\"font-size\":\"desktop:15px;\",\"line-height\":\"desktop:22px;\"}'  style=\"font-family:&#039;Poppins&#039;;font-weight:normal;font-style:normal;color:#a0a0a0;\"><\/p>\n<p style=\"text-align: center;\">Mailadres:<\/p>\n<p style=\"text-align: center;\">eetcafeplexat@live.nl<\/p>\n<p><\/div><\/div>[\/vc_column_inner][\/vc_row_inner][\/vc_column][vc_column css=&#8221;.vc_custom_1460570841666{padding-bottom: 20px !important;}&#8221;]<div class=\" uavc-icons-center uavc-icons \">\n<a class=\"aio-tooltip 69d20b54e24a7\" href=\"https:\/\/www.facebook.com\/eetcafe.plexat\/\" target=\"_blank\" rel=\"noopener\"  data-toggle=\"tooltip\" data-placement=\"\" title=\"\"><div class=\"aio-icon circle \" data-animation=\"\" data-animation-delay=\"03\" style=\"color:#131313;background:#f7f7f7;font-size:18px;margin-right:5px;\">\n\t<i class=\"icomoon-free-social-contact-16x16-facebook\"><\/i>\n<\/div><\/a><\/div>[\/vc_column][vc_column css=&#8221;.vc_custom_1469282395397{padding-top: 10px !important;padding-bottom: 5px !important;}&#8221;]<div id=\"ultimate-heading-12369d20b54e2532\" class=\"uvc-heading ult-adjust-bottom-margin ultimate-heading-12369d20b54e2532 uvc-6587 \" data-hspacer=\"no_spacer\"  data-halign=\"center\" style=\"text-align:center\"><div class=\"uvc-heading-spacer no_spacer\" style=\"top\"><\/div><div class=\"uvc-sub-heading ult-responsive\"  data-ultimate-target='.uvc-heading.ultimate-heading-12369d20b54e2532 .uvc-sub-heading '  data-responsive-json-new='{\"font-size\":\"desktop:15px;\",\"line-height\":\"desktop:22px;\"}'  style=\"font-family:&#039;Poppins&#039;;font-weight:normal;font-style:normal;color:#a0a0a0;\"><\/p>\n<p style=\"text-align: center;\">All Rights Reserved Steaks &amp; Bites<\/p>\n<p><\/div><\/div>[\/vc_column][\/vc_row]<\/p>\n<\/div>","protected":false},"excerpt":{"rendered":"<p>[vc_row type=&#8221;vc_default&#8221; css=&#8221;.vc_custom_1474232685932{padding-top: 10px !important;padding-bottom: 20px !important;}&#8221;][vc_column width=&#8221;1\/2&#8243; css=&#8221;.vc_custom_1469281915280{padding-bottom: 60px !important;}&#8221;][vc_column_text] Toen de verbouwing na een lange aanloop van de gebruikelijke procedures en aanpassingen eindelijk kon beginnen, hebben Maurits en Saskia samen met de gerenommeerde architect Peter Roozeboom van Heineken en Paul kroeze een ontwerp gemaakt voor het restaurant dat helemaal past bij het oude&hellip;<\/p>\n","protected":false},"author":1,"featured_media":1590,"parent":0,"menu_order":1,"comment_status":"closed","ping_status":"closed","template":"","meta":[],"_links":{"self":[{"href":"https:\/\/www.eetcafeplexat.nl\/steaks\/wp-json\/wp\/v2\/pages\/1412"}],"collection":[{"href":"https:\/\/www.eetcafeplexat.nl\/steaks\/wp-json\/wp\/v2\/pages"}],"about":[{"href":"https:\/\/www.eetcafeplexat.nl\/steaks\/wp-json\/wp\/v2\/types\/page"}],"author":[{"embeddable":true,"href":"https:\/\/www.eetcafeplexat.nl\/steaks\/wp-json\/wp\/v2\/users\/1"}],"replies":[{"embeddable":true,"href":"https:\/\/www.eetcafeplexat.nl\/steaks\/wp-json\/wp\/v2\/comments?post=1412"}],"version-history":[{"count":31,"href":"https:\/\/www.eetcafeplexat.nl\/steaks\/wp-json\/wp\/v2\/pages\/1412\/revisions"}],"predecessor-version":[{"id":1886,"href":"https:\/\/www.eetcafeplexat.nl\/steaks\/wp-json\/wp\/v2\/pages\/1412\/revisions\/1886"}],"wp:featuredmedia":[{"embeddable":true,"href":"https:\/\/www.eetcafeplexat.nl\/steaks\/wp-json\/wp\/v2\/media\/1590"}],"wp:attachment":[{"href":"https:\/\/www.eetcafeplexat.nl\/steaks\/wp-json\/wp\/v2\/media?parent=1412"}],"curies":[{"name":"wp","href":"https:\/\/api.w.org\/{rel}","templated":true}]}}