{"id":219,"date":"2015-02-09T16:10:57","date_gmt":"2015-02-09T15:10:57","guid":{"rendered":"http:\/\/www.eetcafeplexat.nl\/?page_id=219"},"modified":"2020-06-17T21:26:10","modified_gmt":"2020-06-17T20:26:10","slug":"plexat-cadeaubon","status":"publish","type":"page","link":"https:\/\/www.eetcafeplexat.nl\/plexat\/plexat-cadeaubon\/","title":{"rendered":"Plexat cadeaukaart"},"content":{"rendered":"<p><img fetchpriority=\"high\" decoding=\"async\" class=\"size-full wp-image-792 alignnone\" src=\"https:\/\/www.eetcafeplexat.nl\/plexat\/wp-content\/uploads\/Cadeaukaart.jpg\" alt=\"\" width=\"576\" height=\"390\" srcset=\"https:\/\/www.eetcafeplexat.nl\/plexat\/wp-content\/uploads\/Cadeaukaart.jpg 576w, https:\/\/www.eetcafeplexat.nl\/plexat\/wp-content\/uploads\/Cadeaukaart-300x203.jpg 300w, https:\/\/www.eetcafeplexat.nl\/plexat\/wp-content\/uploads\/Cadeaukaart-150x102.jpg 150w\" sizes=\"(max-width: 576px) 100vw, 576px\" \/><\/p>\n<p>Kom geheel tot rust bij Eetcaf\u00e9 Plexat, en maak kennis met de overheerlijke menukaart.<br \/>\nBestel dan nu de cadeaukaart van Eetcaf\u00e9 Plexat en reserveer.<\/p>\n<p>De Eetcaf\u00e9 Plexat cadeaukaart is op te waarderen tussen de \u20ac 20,- en \u20ac 150,- en is 2 jaar geldig.<\/p>\n<h5><a href=\"https:\/\/www.cardman.nl\/eetcafeplexat-cadeaukaart.html\" target=\"_blank\" rel=\"noopener\">Klik HIER<\/a><\/h5>\n","protected":false},"excerpt":{"rendered":"<p>Kom geheel tot rust bij Eetcaf\u00e9 Plexat, en maak kennis met de overheerlijke menukaart. Bestel dan nu de cadeaukaart van Eetcaf\u00e9 Plexat en reserveer. De Eetcaf\u00e9 Plexat cadeaukaart is op te waarderen tussen de \u20ac 20,- en \u20ac 150,- en is 2 jaar geldig. Klik HIER<\/p>\n<p> <a class=\"continue-reading-link\" href=\"https:\/\/www.eetcafeplexat.nl\/plexat\/plexat-cadeaubon\/\"><span>Lees verder&#8230;<\/span><i class=\"crycon-right-dir\"><\/i><\/a> <\/p>\n","protected":false},"author":1,"featured_media":0,"parent":0,"menu_order":0,"comment_status":"closed","ping_status":"closed","template":"","meta":{"footnotes":""},"class_list":["post-219","page","type-page","status-publish","hentry"],"_links":{"self":[{"href":"https:\/\/www.eetcafeplexat.nl\/plexat\/wp-json\/wp\/v2\/pages\/219"}],"collection":[{"href":"https:\/\/www.eetcafeplexat.nl\/plexat\/wp-json\/wp\/v2\/pages"}],"about":[{"href":"https:\/\/www.eetcafeplexat.nl\/plexat\/wp-json\/wp\/v2\/types\/page"}],"author":[{"embeddable":true,"href":"https:\/\/www.eetcafeplexat.nl\/plexat\/wp-json\/wp\/v2\/users\/1"}],"replies":[{"embeddable":true,"href":"https:\/\/www.eetcafeplexat.nl\/plexat\/wp-json\/wp\/v2\/comments?post=219"}],"version-history":[{"count":8,"href":"https:\/\/www.eetcafeplexat.nl\/plexat\/wp-json\/wp\/v2\/pages\/219\/revisions"}],"predecessor-version":[{"id":795,"href":"https:\/\/www.eetcafeplexat.nl\/plexat\/wp-json\/wp\/v2\/pages\/219\/revisions\/795"}],"wp:attachment":[{"href":"https:\/\/www.eetcafeplexat.nl\/plexat\/wp-json\/wp\/v2\/media?parent=219"}],"curies":[{"name":"wp","href":"https:\/\/api.w.org\/{rel}","templated":true}]}}